{"id":61,"date":"2011-11-15T17:45:05","date_gmt":"2011-11-15T16:45:05","guid":{"rendered":"https:\/\/www.laserment.com\/montsoleil\/?page_id=61"},"modified":"2020-09-13T13:31:55","modified_gmt":"2020-09-13T11:31:55","slug":"formulaire-de-reservations","status":"publish","type":"page","link":"https:\/\/www.laserment.com\/montsoleil\/formulaire-de-reservations\/","title":{"rendered":"Formulaire de r\u00e9servations"},"content":{"rendered":"\n\n<div class=\"wpcf7 no-js\" id=\"wpcf7-f32-o1\" lang=\"en-US\" dir=\"ltr\" data-wpcf7-id=\"32\">\n<div class=\"screen-reader-response\"><p role=\"status\" aria-live=\"polite\" aria-atomic=\"true\"><\/p> <ul><\/ul><\/div>\n<form action=\"\/montsoleil\/wp-json\/wp\/v2\/pages\/61#wpcf7-f32-o1\" method=\"post\" class=\"wpcf7-form init\" aria-label=\"Contact form\" novalidate=\"novalidate\" data-status=\"init\">\n<fieldset class=\"hidden-fields-container\"><input type=\"hidden\" name=\"_wpcf7\" value=\"32\" \/><input type=\"hidden\" name=\"_wpcf7_version\" value=\"6.1.5\" \/><input type=\"hidden\" name=\"_wpcf7_locale\" value=\"en_US\" \/><input type=\"hidden\" name=\"_wpcf7_unit_tag\" value=\"wpcf7-f32-o1\" \/><input type=\"hidden\" name=\"_wpcf7_container_post\" value=\"0\" \/><input type=\"hidden\" name=\"_wpcf7_posted_data_hash\" value=\"\" \/><input type=\"hidden\" name=\"_wpcf7_recaptcha_response\" value=\"\" \/>\n<\/fieldset>\n<h4 style=\"color:red;\"> * = champ obligatoire\n<\/h4>\n<p>Nom *<br \/>\n<span class=\"wpcf7-form-control-wrap\" data-name=\"your-name\"><input size=\"40\" maxlength=\"400\" class=\"wpcf7-form-control wpcf7-text wpcf7-validates-as-required\" aria-required=\"true\" aria-invalid=\"false\" value=\"\" type=\"text\" name=\"your-name\" \/><\/span>\n<\/p>\n<p>Pr\u00e9nom *<br \/>\n<span class=\"wpcf7-form-control-wrap\" data-name=\"your-firstname\"><input size=\"40\" maxlength=\"400\" class=\"wpcf7-form-control wpcf7-text wpcf7-validates-as-required\" aria-required=\"true\" aria-invalid=\"false\" value=\"\" type=\"text\" name=\"your-firstname\" \/><\/span>\n<\/p>\n<p>Adresse *<br \/>\n<span class=\"wpcf7-form-control-wrap\" data-name=\"your-address\"><input size=\"40\" maxlength=\"400\" class=\"wpcf7-form-control wpcf7-text wpcf7-validates-as-required\" aria-required=\"true\" aria-invalid=\"false\" value=\"\" type=\"text\" name=\"your-address\" \/><\/span>\n<\/p>\n<p>Date de naissance *<br \/>\n<span class=\"wpcf7-form-control-wrap\" data-name=\"date-naissance\"><input class=\"wpcf7-form-control wpcf7-date wpcf7-validates-as-required wpcf7-validates-as-date\" aria-required=\"true\" aria-invalid=\"false\" placeholder=\"18\/04\/1984\" value=\"\" type=\"date\" name=\"date-naissance\" \/><\/span>\n<\/p>\n<p>Code postal *<br \/>\n<span class=\"wpcf7-form-control-wrap\" data-name=\"your-postalcode\"><input size=\"40\" maxlength=\"400\" class=\"wpcf7-form-control wpcf7-text wpcf7-validates-as-required\" aria-required=\"true\" aria-invalid=\"false\" value=\"\" type=\"text\" name=\"your-postalcode\" \/><\/span>\n<\/p>\n<p>Ville *<br \/>\n<span class=\"wpcf7-form-control-wrap\" data-name=\"your-city\"><input size=\"40\" maxlength=\"400\" class=\"wpcf7-form-control wpcf7-text wpcf7-validates-as-required\" aria-required=\"true\" aria-invalid=\"false\" value=\"\" type=\"text\" name=\"your-city\" \/><\/span>\n<\/p>\n<p>Pays *<br \/>\n<span class=\"wpcf7-form-control-wrap\" data-name=\"your-country\"><select class=\"wpcf7-form-control wpcf7-select\" aria-invalid=\"false\" name=\"your-country\"><option value=\"Suisse\">Suisse<\/option><option value=\"France\">France<\/option><option value=\"Allemagne\">Allemagne<\/option><option value=\"Belgique\">Belgique<\/option><option value=\"Italie\">Italie<\/option><option value=\"Autre\">Autre<\/option><\/select><\/span>\n<\/p>\n<p>Votre num\u00e9ro de t\u00e9l\u00e9phone, fixe ou mobile *\n<\/p>\n<p><span class=\"wpcf7-form-control-wrap your-phone\"><input class=\"wpcf7-form-control wpcf7-intl_tel wpcf7-validates-as-required wpcf7-intl-tel\" aria-required=\"true\" aria-invalid=\"false\" data-initialcountry=\"CH\" value=\"\" type=\"tel\" name=\"your-phone-cf7it-national\" \/><input name=\"your-phone\" type=\"hidden\" class=\"wpcf7-intl-tel-full\" \/><input type=\"hidden\" name=\"your-phone-cf7it-country-name\" class=\"wpcf7-intl-tel-country-name\" \/><input type=\"hidden\" name=\"your-phone-cf7it-country-code\" class=\"wpcf7-intl-tel-country-code\" \/><input type=\"hidden\" name=\"your-phone-cf7it-country-iso2\" class=\"wpcf7-intl-tel-country-iso2\" \/><\/span>\n<\/p>\n<p>Votre email *<br \/>\n<span class=\"wpcf7-form-control-wrap\" data-name=\"your-email\"><input size=\"40\" maxlength=\"400\" class=\"wpcf7-form-control wpcf7-email wpcf7-validates-as-required wpcf7-text wpcf7-validates-as-email\" aria-required=\"true\" aria-invalid=\"false\" value=\"\" type=\"email\" name=\"your-email\" \/><\/span>\n<\/p>\n<p>Dates de r\u00e9servations :<br \/>\nDu :<br \/>\n<span class=\"wpcf7-form-control-wrap\" data-name=\"start-date\"><input class=\"wpcf7-form-control wpcf7-date wpcf7-validates-as-required wpcf7-validates-as-date\" aria-required=\"true\" aria-invalid=\"false\" value=\"\" type=\"date\" name=\"start-date\" \/><\/span><br \/>\nAu :<br \/>\n<span class=\"wpcf7-form-control-wrap\" data-name=\"stop-date\"><input class=\"wpcf7-form-control wpcf7-date wpcf7-validates-as-required wpcf7-validates-as-date\" aria-required=\"true\" aria-invalid=\"false\" value=\"\" type=\"date\" name=\"stop-date\" \/><\/span>\n<\/p>\n<div style=\"margin-top: 40px;\">\n\t<p>Type de r\u00e9servation * :<br \/>\n<span class=\"wpcf7-form-control-wrap\" data-name=\"Type-reservation\"><select class=\"wpcf7-form-control wpcf7-select wpcf7-validates-as-required\" aria-required=\"true\" aria-invalid=\"false\" name=\"Type-reservation\"><option value=\"\">&#8212;Please choose an option&#8212;<\/option><option value=\"Personne(s) individuelle(s)\">Personne(s) individuelle(s)<\/option><option value=\"Forfait chalet entier pour le week-end.\">Forfait chalet entier pour le week-end.<\/option><option value=\"Forfait chalet entier pour la journ\u00e9e.\">Forfait chalet entier pour la journ\u00e9e.<\/option><\/select><\/span><br \/>\n<span class=\"wpcf7-form-control-wrap\" data-name=\"supplement\"><span class=\"wpcf7-form-control wpcf7-checkbox\"><span class=\"wpcf7-list-item first last\"><input type=\"checkbox\" name=\"supplement[]\" value=\"Forfait nuit suppl\u00e9mentaire\" \/><span class=\"wpcf7-list-item-label\">Forfait nuit suppl\u00e9mentaire<\/span><\/span><\/span><\/span>\n\t<\/p>\n<\/div>\n<hr width=\"100%\" align=left \/>\n<div style=\"margin-top: 40px;\">\n\t<h6 style=\"color:green;\">En cas de r\u00e9servation individuelle pr\u00e9ciser le nombre(s) et la cat\u00e9gorie des personnes :\n\t<\/h6>\n<\/div>\n<p>Cat\u00e9gorie : <span class=\"wpcf7-form-control-wrap\" data-name=\"people-1\"><select class=\"wpcf7-form-control wpcf7-select\" aria-invalid=\"false\" name=\"people-1\"><option value=\"\">&#8212;Please choose an option&#8212;<\/option><option value=\"Adultes (d\u00e8s 20 ans)\">Adultes (d\u00e8s 20 ans)<\/option><option value=\"Juniors (de 16 \u00e0 19 ans)\">Juniors (de 16 \u00e0 19 ans)<\/option><option value=\"Enfants (de 4 \u00e0 15 ans)\">Enfants (de 4 \u00e0 15 ans)<\/option><\/select><\/span><br \/>\nNombre(s): <span class=\"wpcf7-form-control-wrap\" data-name=\"text-1\"><input class=\"wpcf7-form-control wpcf7-number wpcf7-validates-as-number\" min=\"0\" max=\"99\" step=\"1\" aria-invalid=\"false\" value=\"\" type=\"number\" name=\"text-1\" \/><\/span><br \/>\nType : <span class=\"wpcf7-form-control-wrap\" data-name=\"checkbox-1\"><span class=\"wpcf7-form-control wpcf7-checkbox wpcf7-exclusive-checkbox\"><span class=\"wpcf7-list-item first\"><input type=\"checkbox\" name=\"checkbox-1\" value=\"membres\" \/><span class=\"wpcf7-list-item-label\">membres<\/span><\/span><span class=\"wpcf7-list-item\"><input type=\"checkbox\" name=\"checkbox-1\" value=\"non membres\" \/><span class=\"wpcf7-list-item-label\">non membres<\/span><\/span><span class=\"wpcf7-list-item last\"><input type=\"checkbox\" name=\"checkbox-1\" value=\"Ecoles\/camps\" \/><span class=\"wpcf7-list-item-label\">Ecoles\/camps<\/span><\/span><\/span><\/span>\n<\/p>\n<hr width=\"100%\" align=left \/>\n<p>Cat\u00e9gorie : <span class=\"wpcf7-form-control-wrap\" data-name=\"people-2\"><select class=\"wpcf7-form-control wpcf7-select\" aria-invalid=\"false\" name=\"people-2\"><option value=\"\">&#8212;Please choose an option&#8212;<\/option><option value=\"Adultes (d\u00e8s 20 ans)\">Adultes (d\u00e8s 20 ans)<\/option><option value=\"Juniors (de 16 \u00e0 19 ans)\">Juniors (de 16 \u00e0 19 ans)<\/option><option value=\"Enfants (de 4 \u00e0 15 ans)\">Enfants (de 4 \u00e0 15 ans)<\/option><\/select><\/span><br \/>\nNombre(s): <span class=\"wpcf7-form-control-wrap\" data-name=\"text-2\"><input class=\"wpcf7-form-control wpcf7-number wpcf7-validates-as-number\" min=\"0\" max=\"99\" step=\"1\" aria-invalid=\"false\" value=\"\" type=\"number\" name=\"text-2\" \/><\/span><br \/>\nType : <span class=\"wpcf7-form-control-wrap\" data-name=\"checkbox-2\"><span class=\"wpcf7-form-control wpcf7-checkbox wpcf7-exclusive-checkbox\"><span class=\"wpcf7-list-item first\"><input type=\"checkbox\" name=\"checkbox-2\" value=\"membres\" \/><span class=\"wpcf7-list-item-label\">membres<\/span><\/span><span class=\"wpcf7-list-item\"><input type=\"checkbox\" name=\"checkbox-2\" value=\"non membres\" \/><span class=\"wpcf7-list-item-label\">non membres<\/span><\/span><span class=\"wpcf7-list-item last\"><input type=\"checkbox\" name=\"checkbox-2\" value=\"Ecoles\/camps\" \/><span class=\"wpcf7-list-item-label\">Ecoles\/camps<\/span><\/span><\/span><\/span>\n<\/p>\n<hr width=\"100%\" align=left \/>\n<p>Cat\u00e9gorie : <span class=\"wpcf7-form-control-wrap\" data-name=\"people-3\"><select class=\"wpcf7-form-control wpcf7-select\" aria-invalid=\"false\" name=\"people-3\"><option value=\"\">&#8212;Please choose an option&#8212;<\/option><option value=\"Adultes (d\u00e8s 20 ans)\">Adultes (d\u00e8s 20 ans)<\/option><option value=\"Juniors (de 16 \u00e0 19 ans)\">Juniors (de 16 \u00e0 19 ans)<\/option><option value=\"Enfants (de 4 \u00e0 15 ans)\">Enfants (de 4 \u00e0 15 ans)<\/option><\/select><\/span><br \/>\nNombre(s): <span class=\"wpcf7-form-control-wrap\" data-name=\"text-3\"><input class=\"wpcf7-form-control wpcf7-number wpcf7-validates-as-number\" min=\"0\" max=\"99\" step=\"1\" aria-invalid=\"false\" value=\"\" type=\"number\" name=\"text-3\" \/><\/span><br \/>\nType : <span class=\"wpcf7-form-control-wrap\" data-name=\"checkbox-3\"><span class=\"wpcf7-form-control wpcf7-checkbox wpcf7-exclusive-checkbox\"><span class=\"wpcf7-list-item first\"><input type=\"checkbox\" name=\"checkbox-3\" value=\"membres\" \/><span class=\"wpcf7-list-item-label\">membres<\/span><\/span><span class=\"wpcf7-list-item\"><input type=\"checkbox\" name=\"checkbox-3\" value=\"non membres\" \/><span class=\"wpcf7-list-item-label\">non membres<\/span><\/span><span class=\"wpcf7-list-item last\"><input type=\"checkbox\" name=\"checkbox-3\" value=\"Ecoles\/camps\" \/><span class=\"wpcf7-list-item-label\">Ecoles\/camps<\/span><\/span><\/span><\/span>\n<\/p>\n<hr width=\"100%\" align=left \/>\n<p>Cat\u00e9gorie : <span class=\"wpcf7-form-control-wrap\" data-name=\"people-4\"><select class=\"wpcf7-form-control wpcf7-select\" aria-invalid=\"false\" name=\"people-4\"><option value=\"\">&#8212;Please choose an option&#8212;<\/option><option value=\"Adultes (d\u00e8s 20 ans)\">Adultes (d\u00e8s 20 ans)<\/option><option value=\"Juniors (de 16 \u00e0 19 ans)\">Juniors (de 16 \u00e0 19 ans)<\/option><option value=\"Enfants (de 4 \u00e0 15 ans)\">Enfants (de 4 \u00e0 15 ans)<\/option><\/select><\/span><br \/>\nNombre(s): <span class=\"wpcf7-form-control-wrap\" data-name=\"text-4\"><input class=\"wpcf7-form-control wpcf7-number wpcf7-validates-as-number\" min=\"0\" max=\"99\" step=\"1\" aria-invalid=\"false\" value=\"\" type=\"number\" name=\"text-4\" \/><\/span><br \/>\nType : <span class=\"wpcf7-form-control-wrap\" data-name=\"checkbox-4\"><span class=\"wpcf7-form-control wpcf7-checkbox wpcf7-exclusive-checkbox\"><span class=\"wpcf7-list-item first\"><input type=\"checkbox\" name=\"checkbox-4\" value=\"membres\" \/><span class=\"wpcf7-list-item-label\">membres<\/span><\/span><span class=\"wpcf7-list-item\"><input type=\"checkbox\" name=\"checkbox-4\" value=\"non membres\" \/><span class=\"wpcf7-list-item-label\">non membres<\/span><\/span><span class=\"wpcf7-list-item last\"><input type=\"checkbox\" name=\"checkbox-4\" value=\"Ecoles\/camps\" \/><span class=\"wpcf7-list-item-label\">Ecoles\/camps<\/span><\/span><\/span><\/span>\n<\/p>\n<hr width=\"100%\" align=left \/>\n<p>Cat\u00e9gorie : <span class=\"wpcf7-form-control-wrap\" data-name=\"people-5\"><select class=\"wpcf7-form-control wpcf7-select\" aria-invalid=\"false\" name=\"people-5\"><option value=\"\">&#8212;Please choose an option&#8212;<\/option><option value=\"Adultes (d\u00e8s 20 ans)\">Adultes (d\u00e8s 20 ans)<\/option><option value=\"Juniors (de 16 \u00e0 19 ans)\">Juniors (de 16 \u00e0 19 ans)<\/option><option value=\"Enfants (de 4 \u00e0 15 ans)\">Enfants (de 4 \u00e0 15 ans)<\/option><\/select><\/span><br \/>\nNombre(s): <span class=\"wpcf7-form-control-wrap\" data-name=\"text-5\"><input class=\"wpcf7-form-control wpcf7-number wpcf7-validates-as-number\" min=\"0\" max=\"99\" step=\"1\" aria-invalid=\"false\" value=\"\" type=\"number\" name=\"text-5\" \/><\/span><br \/>\nType : <span class=\"wpcf7-form-control-wrap\" data-name=\"checkbox-5\"><span class=\"wpcf7-form-control wpcf7-checkbox wpcf7-exclusive-checkbox\"><span class=\"wpcf7-list-item first\"><input type=\"checkbox\" name=\"checkbox-5\" value=\"membres\" \/><span class=\"wpcf7-list-item-label\">membres<\/span><\/span><span class=\"wpcf7-list-item\"><input type=\"checkbox\" name=\"checkbox-5\" value=\"non membres\" \/><span class=\"wpcf7-list-item-label\">non membres<\/span><\/span><span class=\"wpcf7-list-item last\"><input type=\"checkbox\" name=\"checkbox-5\" value=\"Ecoles\/camps\" \/><span class=\"wpcf7-list-item-label\">Ecoles\/camps<\/span><\/span><\/span><\/span>\n<\/p>\n<hr width=\"100%\" align=left \/>\n<p>Cat\u00e9gorie : <span class=\"wpcf7-form-control-wrap\" data-name=\"people-6\"><select class=\"wpcf7-form-control wpcf7-select\" aria-invalid=\"false\" name=\"people-6\"><option value=\"\">&#8212;Please choose an option&#8212;<\/option><option value=\"Adultes (d\u00e8s 20 ans)\">Adultes (d\u00e8s 20 ans)<\/option><option value=\"Juniors (de 16 \u00e0 19 ans)\">Juniors (de 16 \u00e0 19 ans)<\/option><option value=\"Enfants (de 4 \u00e0 15 ans)\">Enfants (de 4 \u00e0 15 ans)<\/option><\/select><\/span><br \/>\nNombre(s): <span class=\"wpcf7-form-control-wrap\" data-name=\"text-6\"><input class=\"wpcf7-form-control wpcf7-number wpcf7-validates-as-number\" min=\"0\" max=\"99\" step=\"1\" aria-invalid=\"false\" value=\"\" type=\"number\" name=\"text-6\" \/><\/span><br \/>\nType : <span class=\"wpcf7-form-control-wrap\" data-name=\"checkbox-6\"><span class=\"wpcf7-form-control wpcf7-checkbox\"><span class=\"wpcf7-list-item first\"><label><input type=\"checkbox\" name=\"checkbox-6[]\" value=\"membres\" \/><span class=\"wpcf7-list-item-label\">membres<\/span><\/label><\/span><span class=\"wpcf7-list-item\"><label><input type=\"checkbox\" name=\"checkbox-6[]\" value=\"non membres\" \/><span class=\"wpcf7-list-item-label\">non membres<\/span><\/label><\/span><span class=\"wpcf7-list-item last\"><label><input type=\"checkbox\" name=\"checkbox-6[]\" value=\"Ecoles\/camps\" \/><span class=\"wpcf7-list-item-label\">Ecoles\/camps<\/span><\/label><\/span><\/span><\/span>\n<\/p>\n<hr width=\"100%\" align=left \/>\n<p>Communications :<br \/>\n<span class=\"wpcf7-form-control-wrap\" data-name=\"your-message\"><textarea cols=\"80\" rows=\"10\" maxlength=\"2000\" class=\"wpcf7-form-control wpcf7-textarea\" aria-invalid=\"false\" name=\"your-message\"><\/textarea><\/span>\n<\/p>\n<hr width=\"100%\" align=left \/>\n<p>\n\n<\/p>\n<p><input class=\"wpcf7-form-control wpcf7-submit has-spinner\" type=\"submit\" value=\"Envoyer\" \/>\n<\/p><div class=\"wpcf7-response-output\" aria-hidden=\"true\"><\/div>\n<\/form>\n<\/div>\n\n","protected":false},"excerpt":{"rendered":"","protected":false},"author":1,"featured_media":562,"parent":0,"menu_order":0,"comment_status":"closed","ping_status":"closed","template":"","meta":{"ngg_post_thumbnail":0,"footnotes":""},"class_list":["post-61","page","type-page","status-publish","has-post-thumbnail","hentry"],"_links":{"self":[{"href":"https:\/\/www.laserment.com\/montsoleil\/wp-json\/wp\/v2\/pages\/61","targetHints":{"allow":["GET"]}}],"collection":[{"href":"https:\/\/www.laserment.com\/montsoleil\/wp-json\/wp\/v2\/pages"}],"about":[{"href":"https:\/\/www.laserment.com\/montsoleil\/wp-json\/wp\/v2\/types\/page"}],"author":[{"embeddable":true,"href":"https:\/\/www.laserment.com\/montsoleil\/wp-json\/wp\/v2\/users\/1"}],"replies":[{"embeddable":true,"href":"https:\/\/www.laserment.com\/montsoleil\/wp-json\/wp\/v2\/comments?post=61"}],"version-history":[{"count":9,"href":"https:\/\/www.laserment.com\/montsoleil\/wp-json\/wp\/v2\/pages\/61\/revisions"}],"predecessor-version":[{"id":572,"href":"https:\/\/www.laserment.com\/montsoleil\/wp-json\/wp\/v2\/pages\/61\/revisions\/572"}],"wp:featuredmedia":[{"embeddable":true,"href":"https:\/\/www.laserment.com\/montsoleil\/wp-json\/wp\/v2\/media\/562"}],"wp:attachment":[{"href":"https:\/\/www.laserment.com\/montsoleil\/wp-json\/wp\/v2\/media?parent=61"}],"curies":[{"name":"wp","href":"https:\/\/api.w.org\/{rel}","templated":true}]}}