{"id":5,"date":"2011-11-11T20:59:51","date_gmt":"2011-11-11T19:59:51","guid":{"rendered":"https:\/\/www.laserment.com\/montsoleil\/?page_id=5"},"modified":"2026-05-09T13:06:27","modified_gmt":"2026-05-09T11:06:27","slug":"chalet-de-mont-soleil","status":"publish","type":"page","link":"https:\/\/www.laserment.com\/montsoleil\/","title":{"rendered":"Chalet de Mont-Soleil"},"content":{"rendered":"\n<h2 class=\"wp-block-heading\">Chalet de Mont-Soleil<\/h2>\n\n\n\n<p>Situ\u00e9 \u00e0 Mont-Soleil au dessus de Saint-Imier, \u00e0 quelques pas de la centrale solaire et de la centrale \u00e9oliennes en face de Chasseral, notre chalet convient particuli\u00e8rement aux familles et aux \u00e9coles pour des semaines verte ou de neige.<\/p>\n\n\n\nngg_shortcode_0_placeholder\n\n\n\n<div style=\"height:30px\" aria-hidden=\"true\" class=\"wp-block-spacer\"><\/div>\n\n\n\n<p><strong><em><span style=\"text-decoration: underline;\">Equipements :<\/span><\/em><\/strong><\/p>\n\n\n\n<ul class=\"wp-block-list\">\n<li>Cuisini\u00e8res bois et \u00e9lectricit\u00e9 (avec fours), lave vaisselle<\/li>\n\n\n\n<li>Frigos avec boissons, cong\u00e9lateur.<\/li>\n\n\n\n<li>2 r\u00e9fectoires, 50 et 20 places.<\/li>\n\n\n\n<li>38 places pour dormir r\u00e9parties en :<br>&#8211; 2 chambres de 4 + 1 lit b\u00e9b\u00e9.<br>&#8211; 1 dortoir de 5 places.<br>&#8211; 1 dortoir de 6 \u00e0 8 places.<br>&#8211; 1 dortoir de 15 places.<br>&#8211; 1 chambre de 2 lits.<\/li>\n<\/ul>\n\n\n\n<ul class=\"wp-block-list\">\n<li>Douches \/ WC.<\/li>\n\n\n\n<li>Terasse.<\/li>\n\n\n\n<li>Jeux ext\u00e9rieurs, place de p\u00e9tanque.<\/li>\n<\/ul>\n\n\n<div class=\"wp-block-image\">\n<figure class=\"alignright\"><a href=\"https:\/\/www.laserment.com\/montsoleil\/wp-content\/uploads\/2011\/11\/region_montsoleil.png\"><img loading=\"lazy\" decoding=\"async\" width=\"283\" height=\"258\" src=\"https:\/\/www.laserment.com\/montsoleil\/wp-content\/uploads\/2011\/11\/region_montsoleil.png\" alt=\"Region Mont-Soleil\" class=\"wp-image-64\"\/><\/a><figcaption class=\"wp-element-caption\">Region Mont-Soleil<\/figcaption><\/figure>\n<\/div>\n\n\n<p><strong><em><span style=\"text-decoration: underline;\"> Loisirs :<\/span><\/em><\/strong><\/p>\n\n\n\n<ul class=\"wp-block-list\">\n<li>Centrale solaire \u00e0 200 m.<\/li>\n\n\n\n<li>Parc d&rsquo;\u00e9oliennes.<\/li>\n\n\n\n<li>Randonn\u00e9e p\u00e9destre.<\/li>\n\n\n\n<li>Ski de fond, Raquettes.<\/li>\n\n\n\n<li>Chemin des cr\u00eates du Jura \u00e0 quelques minutes.<\/li>\n\n\n\n<li>Piscines \u00e0 Saint-Imier.<\/li>\n\n\n\n<li>Les Franches Montagnes \u00e0 proximit\u00e9.<\/li>\n\n\n\n<li>Zoo du Bois du Petit-Ch\u00e2teau \u00a0\u00e0 la Chaux-de-Fonds.<\/li>\n<\/ul>\n\n\n\n<hr class=\"wp-block-separator has-css-opacity\"\/>\n\n\n\n<h4 class=\"wp-block-heading\">Ou nous trouvez :<\/h4>\n\n\n\n<div>\n<p>Coordonn\u00e9es GPS : N 047.163500\u00b0 E 006.993600\u00b0<\/p><figure><iframe loading=\"lazy\" src=\"http:\/\/maps.google.ch\/maps\/ms?msa=0&amp;msid=201548587163472496820.0004ad25518efb7ff29e9&amp;hl=fr&amp;ie=UTF8&amp;ll=47.163517,6.993655&amp;spn=0.114913,0.141857&amp;t=m&amp;vpsrc=6&amp;iwloc=0004ad255caf49facd617&amp;output=embed\" width=\"800\" height=\"600\" frameborder=\"0\" marginwidth=\"0\" marginheight=\"0\" scrolling=\"no\"><\/iframe><\/figure>\n<p><small><a style=\"color: #0000ff; text-align: left;\" href=\"https:\/\/www.google.com\/maps\/d\/viewer?mid=11fK53vxdOakQ569AHPbv1SJgB1g&amp;msa=0&amp;hl=fr&amp;ie=UTF8&amp;ll=47.163517000000006%2C6.9936559999998735&amp;spn=0.114913%2C0.141857&amp;t=m&amp;vpsrc=6&amp;iwloc=0004ad255caf49facd617&amp;source=embed&amp;z=12\">Afficher dans Google Maps<\/a><\/small><\/p><\/div>\n\n\n\n<div style=\"height:20px\" aria-hidden=\"true\" class=\"wp-block-spacer\"><\/div>\n\n\n\n<hr class=\"wp-block-separator has-css-opacity\"\/>\n","protected":false},"excerpt":{"rendered":"<p>Chalet de Mont-Soleil Situ\u00e9 \u00e0 Mont-Soleil au dessus de Saint-Imier, \u00e0 quelques pas de la centrale solaire et de la centrale \u00e9oliennes en face de Chasseral, notre chalet convient particuli\u00e8rement aux familles et aux \u00e9coles pour des semaines verte ou de neige. Equipements : Loisirs : Ou nous trouvez : Coordonn\u00e9es GPS : N 047.163500\u00b0 [&hellip;]<\/p>\n","protected":false},"author":1,"featured_media":562,"parent":0,"menu_order":0,"comment_status":"closed","ping_status":"closed","template":"","meta":{"ngg_post_thumbnail":0,"footnotes":""},"class_list":["post-5","page","type-page","status-publish","has-post-thumbnail","hentry"],"_links":{"self":[{"href":"https:\/\/www.laserment.com\/montsoleil\/wp-json\/wp\/v2\/pages\/5","targetHints":{"allow":["GET"]}}],"collection":[{"href":"https:\/\/www.laserment.com\/montsoleil\/wp-json\/wp\/v2\/pages"}],"about":[{"href":"https:\/\/www.laserment.com\/montsoleil\/wp-json\/wp\/v2\/types\/page"}],"author":[{"embeddable":true,"href":"https:\/\/www.laserment.com\/montsoleil\/wp-json\/wp\/v2\/users\/1"}],"replies":[{"embeddable":true,"href":"https:\/\/www.laserment.com\/montsoleil\/wp-json\/wp\/v2\/comments?post=5"}],"version-history":[{"count":137,"href":"https:\/\/www.laserment.com\/montsoleil\/wp-json\/wp\/v2\/pages\/5\/revisions"}],"predecessor-version":[{"id":1899,"href":"https:\/\/www.laserment.com\/montsoleil\/wp-json\/wp\/v2\/pages\/5\/revisions\/1899"}],"wp:featuredmedia":[{"embeddable":true,"href":"https:\/\/www.laserment.com\/montsoleil\/wp-json\/wp\/v2\/media\/562"}],"wp:attachment":[{"href":"https:\/\/www.laserment.com\/montsoleil\/wp-json\/wp\/v2\/media?parent=5"}],"curies":[{"name":"wp","href":"https:\/\/api.w.org\/{rel}","templated":true}]}}