{"id":15,"date":"2011-11-11T21:19:58","date_gmt":"2011-11-11T20:19:58","guid":{"rendered":"https:\/\/www.laserment.com\/montsoleil\/?page_id=15"},"modified":"2022-06-15T14:54:57","modified_gmt":"2022-06-15T12:54:57","slug":"reservations","status":"publish","type":"page","link":"https:\/\/www.laserment.com\/montsoleil\/reservations\/","title":{"rendered":"R\u00e9servations"},"content":{"rendered":"\n<h2 class=\"wp-block-heading\">R\u00e9servations<\/h2>\n\n\n\n<p><strong>Vous souhaitez faire une r\u00e9servation, prenez contact avec notre responsable.<\/strong><\/p>\n\n\n\n<p><strong>Toutefois si votre arriv\u00e9e est pr\u00e9vue dans moins d&rsquo;une semaine, merci de prendre contact directement par t\u00e9l\u00e9phone avec notre responsable des r\u00e9servations.<\/strong><\/p>\n\n\n\n<div style=\"height:20px\" aria-hidden=\"true\" class=\"wp-block-spacer\"><\/div>\n\n\n\n<hr class=\"wp-block-separator has-css-opacity\"\/>\n\n\n\n<div style=\"height:20px\" aria-hidden=\"true\" class=\"wp-block-spacer\"><\/div>\n\n\n\n<p>Responsable des r\u00e9servations :<\/p>\n\n\n\n<p>Hanna Frayne<br>Coll\u00e8ge 19<br>2207 Coffrane<\/p>\n\n\n\n<p><span style=\"text-decoration: underline;\">Contact :<br><\/span>Email : <a href=\"mailto:reservations-montsoleil@laserment.com\">reservations-montsoleil@laserment.com<\/a><br><span class=\"phone\"><span class=\"label\">T\u00e9l\u00e9phone<\/span>&nbsp;+41(<span class=\"value\">0)32 842 54 40<a class=\"tel\" href=\"tel:+41328425440\"><br><\/a><\/span><\/span><span class=\"mobile\"><span class=\"label\">Mobile<\/span>&nbsp;+41(<span class=\"value\">0)79 397 02 82 <\/span><\/span><\/p>\n\n\n\n<p>Ou \u00e0 l\u2019aide de notre formulaire :&nbsp;<a title=\"Formulaire de demande de r\u00e9servation\" href=\"https:\/\/www.laserment.com\/montsoleil\/?page_id=61\"><strong><em>\u00ab\u00a0formulaire de demande de r\u00e9servation\u00a0\u00bb<\/em><\/strong><\/a><\/p>\n\n\n\n<div style=\"height:30px\" aria-hidden=\"true\" class=\"wp-block-spacer\"><\/div>\n\n\n\n<p><strong><span style=\"text-decoration: underline;\">Tableau d&rsquo;occupation du chalet :<\/span><\/strong><\/p>\n\n\n<div id=\"eo_fullcalendar_1_loading\" class=\"eo-fullcalendar-loading\" ><img decoding=\"async\" src=\"https:\/\/www.laserment.com\/montsoleil\/wp-content\/plugins\/event-organiser\/css\/images\/loading-image.gif\" class=\"eo-fullcalendar-loading-icon\" alt=\"Chargement&#8230;\" \/> Chargement&#8230;<\/div><div class=\"eo-fullcalendar eo-fullcalendar-shortcode eo-fullcalendar-reset eo-fullcalendar-responsive\" id=\"eo_fullcalendar_1\"><\/div>\n\n\n\n<div style=\"height:20px\" aria-hidden=\"true\" class=\"wp-block-spacer\"><\/div>\n\n\n\n<div style=\"height:20px\" aria-hidden=\"true\" class=\"wp-block-spacer\"><\/div>\n\n\n\n<table class=\"wp-block-table\"><tbody><tr><td width=\"5%\"><img decoding=\"async\" class=\"wp-image-289\" style=\"width: 20px;\" src=\"https:\/\/www.laserment.com\/montsoleil\/wp-content\/uploads\/2020\/01\/rouge.png\" alt=\"Partiel\"><\/td><td width=\"45%\">Chalet enti\u00e8rement occup\u00e9<\/td><td><\/td><td width=\"5%\"><img decoding=\"async\" class=\"wp-image-292\" style=\"width: 20px;\" src=\"https:\/\/www.laserment.com\/montsoleil\/wp-content\/uploads\/2020\/01\/orange.png\" alt=\"\"><\/td><td width=\"45%\">Chalet partiellement occup\u00e9<\/td><\/tr><\/tbody><\/table>\n","protected":false},"excerpt":{"rendered":"<p>R\u00e9servations Vous souhaitez faire une r\u00e9servation, prenez contact avec notre responsable. Toutefois si votre arriv\u00e9e est pr\u00e9vue dans moins d&rsquo;une semaine, merci de prendre contact directement par t\u00e9l\u00e9phone avec notre responsable des r\u00e9servations. Responsable des r\u00e9servations : Hanna FrayneColl\u00e8ge 192207 Coffrane Contact :Email : reservations-montsoleil@laserment.comT\u00e9l\u00e9phone&nbsp;+41(0)32 842 54 40Mobile&nbsp;+41(0)79 397 02 82 Ou \u00e0 l\u2019aide de [&hellip;]<\/p>\n","protected":false},"author":1,"featured_media":562,"parent":0,"menu_order":0,"comment_status":"closed","ping_status":"closed","template":"","meta":{"ngg_post_thumbnail":0,"footnotes":""},"class_list":["post-15","page","type-page","status-publish","has-post-thumbnail","hentry"],"_links":{"self":[{"href":"https:\/\/www.laserment.com\/montsoleil\/wp-json\/wp\/v2\/pages\/15","targetHints":{"allow":["GET"]}}],"collection":[{"href":"https:\/\/www.laserment.com\/montsoleil\/wp-json\/wp\/v2\/pages"}],"about":[{"href":"https:\/\/www.laserment.com\/montsoleil\/wp-json\/wp\/v2\/types\/page"}],"author":[{"embeddable":true,"href":"https:\/\/www.laserment.com\/montsoleil\/wp-json\/wp\/v2\/users\/1"}],"replies":[{"embeddable":true,"href":"https:\/\/www.laserment.com\/montsoleil\/wp-json\/wp\/v2\/comments?post=15"}],"version-history":[{"count":30,"href":"https:\/\/www.laserment.com\/montsoleil\/wp-json\/wp\/v2\/pages\/15\/revisions"}],"predecessor-version":[{"id":932,"href":"https:\/\/www.laserment.com\/montsoleil\/wp-json\/wp\/v2\/pages\/15\/revisions\/932"}],"wp:featuredmedia":[{"embeddable":true,"href":"https:\/\/www.laserment.com\/montsoleil\/wp-json\/wp\/v2\/media\/562"}],"wp:attachment":[{"href":"https:\/\/www.laserment.com\/montsoleil\/wp-json\/wp\/v2\/media?parent=15"}],"curies":[{"name":"wp","href":"https:\/\/api.w.org\/{rel}","templated":true}]}}