{"id":13,"date":"2011-11-11T21:19:40","date_gmt":"2011-11-11T20:19:40","guid":{"rendered":"https:\/\/www.laserment.com\/montsoleil\/?page_id=13"},"modified":"2022-06-15T14:54:21","modified_gmt":"2022-06-15T12:54:21","slug":"occupations","status":"publish","type":"page","link":"https:\/\/www.laserment.com\/montsoleil\/occupations\/","title":{"rendered":"Occupation du chalet"},"content":{"rendered":"\n<h2 class=\"wp-block-heading\">Occupation du chalet<\/h2>\n\n\n\n<p>Trouvez ci-dessous l\u2019\u00e9tat d\u2019occupations de notre chalet de Mont-Soleil, si ce dernier devait malencontreusement \u00eatre occup\u00e9 lors des dates souhait\u00e9es, regarder si notre chalet de La Serment est disponible en cliquant&nbsp;<a rel=\"noreferrer noopener\" href=\"https:\/\/www.laserment.com\/laserment\/occupation-du-chalet\/\" target=\"_blank\">ICI<\/a>&nbsp;!<\/p>\n\n\n\n<div style=\"height:20px\" aria-hidden=\"true\" class=\"wp-block-spacer\"><\/div>\n\n\n\n<hr class=\"wp-block-separator has-css-opacity\"\/>\n\n\n\n<div style=\"height:20px\" aria-hidden=\"true\" class=\"wp-block-spacer\"><\/div>\n\n\n<div id=\"eo_fullcalendar_1_loading\" class=\"eo-fullcalendar-loading\" ><img decoding=\"async\" src=\"https:\/\/www.laserment.com\/montsoleil\/wp-content\/plugins\/event-organiser\/css\/images\/loading-image.gif\" class=\"eo-fullcalendar-loading-icon\" alt=\"Chargement&#8230;\" \/> Chargement&#8230;<\/div><div class=\"eo-fullcalendar eo-fullcalendar-shortcode eo-fullcalendar-reset eo-fullcalendar-responsive\" id=\"eo_fullcalendar_1\"><\/div>\n\n\n\n<div style=\"height:20px\" aria-hidden=\"true\" class=\"wp-block-spacer\"><\/div>\n\n\n\n<div style=\"height:20px\" aria-hidden=\"true\" class=\"wp-block-spacer\"><\/div>\n\n\n\n<table class=\"wp-block-table\"><tbody><tr><td width=\"5%\"><img decoding=\"async\" class=\"wp-image-289\" style=\"width: 20px;\" src=\"https:\/\/www.laserment.com\/montsoleil\/wp-content\/uploads\/2020\/01\/rouge.png\" alt=\"Partiel\"><\/td><td width=\"45%\">Chalet enti\u00e8rement occup\u00e9<\/td><td><\/td><td width=\"5%\"><img decoding=\"async\" class=\"wp-image-292\" style=\"width: 20px;\" src=\"https:\/\/www.laserment.com\/montsoleil\/wp-content\/uploads\/2020\/01\/orange.png\" alt=\"\"><\/td><td width=\"45%\">Chalet partiellement occup\u00e9<\/td><\/tr><\/tbody><\/table>\n","protected":false},"excerpt":{"rendered":"<p>Occupation du chalet Trouvez ci-dessous l\u2019\u00e9tat d\u2019occupations de notre chalet de Mont-Soleil, si ce dernier devait malencontreusement \u00eatre occup\u00e9 lors des dates souhait\u00e9es, regarder si notre chalet de La Serment est disponible en cliquant&nbsp;ICI&nbsp;! Chalet enti\u00e8rement occup\u00e9 Chalet partiellement occup\u00e9<\/p>\n","protected":false},"author":1,"featured_media":563,"parent":0,"menu_order":0,"comment_status":"open","ping_status":"open","template":"","meta":{"ngg_post_thumbnail":0,"footnotes":""},"class_list":["post-13","page","type-page","status-publish","has-post-thumbnail","hentry"],"_links":{"self":[{"href":"https:\/\/www.laserment.com\/montsoleil\/wp-json\/wp\/v2\/pages\/13","targetHints":{"allow":["GET"]}}],"collection":[{"href":"https:\/\/www.laserment.com\/montsoleil\/wp-json\/wp\/v2\/pages"}],"about":[{"href":"https:\/\/www.laserment.com\/montsoleil\/wp-json\/wp\/v2\/types\/page"}],"author":[{"embeddable":true,"href":"https:\/\/www.laserment.com\/montsoleil\/wp-json\/wp\/v2\/users\/1"}],"replies":[{"embeddable":true,"href":"https:\/\/www.laserment.com\/montsoleil\/wp-json\/wp\/v2\/comments?post=13"}],"version-history":[{"count":25,"href":"https:\/\/www.laserment.com\/montsoleil\/wp-json\/wp\/v2\/pages\/13\/revisions"}],"predecessor-version":[{"id":931,"href":"https:\/\/www.laserment.com\/montsoleil\/wp-json\/wp\/v2\/pages\/13\/revisions\/931"}],"wp:featuredmedia":[{"embeddable":true,"href":"https:\/\/www.laserment.com\/montsoleil\/wp-json\/wp\/v2\/media\/563"}],"wp:attachment":[{"href":"https:\/\/www.laserment.com\/montsoleil\/wp-json\/wp\/v2\/media?parent=13"}],"curies":[{"name":"wp","href":"https:\/\/api.w.org\/{rel}","templated":true}]}}