{"id":75,"date":"2011-11-13T14:32:28","date_gmt":"2011-11-13T13:32:28","guid":{"rendered":"https:\/\/www.laserment.com\/laserment\/?page_id=75"},"modified":"2020-09-13T12:52:58","modified_gmt":"2020-09-13T10:52:58","slug":"formulaire-reservation","status":"publish","type":"page","link":"https:\/\/www.laserment.com\/laserment\/formulaire-reservation\/","title":{"rendered":"Formulaire de demande de r\u00e9servation"},"content":{"rendered":"\n<p>Si votre arriv\u00e9e est pr\u00e9vue dans moins d&rsquo;une semaine, merci de prendre contact par t\u00e9l\u00e9phone directement avec notre responsable des r\u00e9servations.<\/p>\n\n\n\n<div class=\"wpcf7 no-js\" id=\"wpcf7-f37-o1\" lang=\"en-US\" dir=\"ltr\" data-wpcf7-id=\"37\">\n<div class=\"screen-reader-response\"><p role=\"status\" aria-live=\"polite\" aria-atomic=\"true\"><\/p> <ul><\/ul><\/div>\n<form action=\"\/laserment\/wp-json\/wp\/v2\/pages\/75#wpcf7-f37-o1\" method=\"post\" class=\"wpcf7-form init\" aria-label=\"Contact form\" novalidate=\"novalidate\" data-status=\"init\">\n<fieldset class=\"hidden-fields-container\"><input type=\"hidden\" name=\"_wpcf7\" value=\"37\" \/><input type=\"hidden\" name=\"_wpcf7_version\" value=\"6.1.5\" \/><input type=\"hidden\" name=\"_wpcf7_locale\" value=\"en_US\" \/><input type=\"hidden\" name=\"_wpcf7_unit_tag\" value=\"wpcf7-f37-o1\" \/><input type=\"hidden\" name=\"_wpcf7_container_post\" value=\"0\" \/><input type=\"hidden\" name=\"_wpcf7_posted_data_hash\" value=\"\" \/><input type=\"hidden\" name=\"_wpcf7_recaptcha_response\" value=\"\" \/>\n<\/fieldset>\n<h4 style=\"color:red;\"> * = champ obligatoire\n<\/h4>\n<p>Nom *<br \/>\n<span class=\"wpcf7-form-control-wrap\" data-name=\"your-name\"><input size=\"40\" maxlength=\"400\" class=\"wpcf7-form-control wpcf7-text wpcf7-validates-as-required\" aria-required=\"true\" aria-invalid=\"false\" value=\"\" type=\"text\" name=\"your-name\" \/><\/span>\n<\/p>\n<p>Pr\u00e9nom *<br \/>\n<span class=\"wpcf7-form-control-wrap\" data-name=\"your-firstname\"><input size=\"40\" maxlength=\"400\" class=\"wpcf7-form-control wpcf7-text wpcf7-validates-as-required\" aria-required=\"true\" aria-invalid=\"false\" value=\"\" type=\"text\" name=\"your-firstname\" \/><\/span>\n<\/p>\n<p>Adresse *<br \/>\n<span class=\"wpcf7-form-control-wrap\" data-name=\"your-address\"><input size=\"40\" maxlength=\"400\" class=\"wpcf7-form-control wpcf7-text wpcf7-validates-as-required\" aria-required=\"true\" aria-invalid=\"false\" value=\"\" type=\"text\" name=\"your-address\" \/><\/span>\n<\/p>\n<p>Date de naissance *<br \/>\n<span class=\"wpcf7-form-control-wrap\" data-name=\"date-naissance\"><input class=\"wpcf7-form-control wpcf7-date wpcf7-validates-as-required wpcf7-validates-as-date\" aria-required=\"true\" aria-invalid=\"false\" placeholder=\"18\/04\/1984\" value=\"\" type=\"date\" name=\"date-naissance\" \/><\/span>\n<\/p>\n<p>Code postal *<br \/>\n<span class=\"wpcf7-form-control-wrap\" data-name=\"your-postalcode\"><input size=\"40\" maxlength=\"400\" class=\"wpcf7-form-control wpcf7-text wpcf7-validates-as-required\" aria-required=\"true\" aria-invalid=\"false\" value=\"\" type=\"text\" name=\"your-postalcode\" \/><\/span>\n<\/p>\n<p>Ville *<br \/>\n<span class=\"wpcf7-form-control-wrap\" data-name=\"your-city\"><input size=\"40\" maxlength=\"400\" class=\"wpcf7-form-control wpcf7-text wpcf7-validates-as-required\" aria-required=\"true\" aria-invalid=\"false\" value=\"\" type=\"text\" name=\"your-city\" \/><\/span>\n<\/p>\n<p>Pays *<br \/>\n<span class=\"wpcf7-form-control-wrap\" data-name=\"your-country\"><select class=\"wpcf7-form-control wpcf7-select\" aria-invalid=\"false\" name=\"your-country\"><option value=\"Suisse\">Suisse<\/option><option value=\"France\">France<\/option><option value=\"Allemagne\">Allemagne<\/option><option value=\"Belgique\">Belgique<\/option><option value=\"Italie\">Italie<\/option><option value=\"Autre\">Autre<\/option><\/select><\/span>\n<\/p>\n<p>Votre num\u00e9ro de t\u00e9l\u00e9phone, fixe ou mobile *\n<\/p>\n<p><span class=\"wpcf7-form-control-wrap your-phone\"><input class=\"wpcf7-form-control wpcf7-intl_tel wpcf7-validates-as-required wpcf7-intl-tel\" aria-required=\"true\" aria-invalid=\"false\" data-initialcountry=\"CH\" value=\"\" type=\"tel\" name=\"your-phone-cf7it-national\" \/><input name=\"your-phone\" type=\"hidden\" class=\"wpcf7-intl-tel-full\" \/><input type=\"hidden\" name=\"your-phone-cf7it-country-name\" class=\"wpcf7-intl-tel-country-name\" \/><input type=\"hidden\" name=\"your-phone-cf7it-country-code\" class=\"wpcf7-intl-tel-country-code\" \/><input type=\"hidden\" name=\"your-phone-cf7it-country-iso2\" class=\"wpcf7-intl-tel-country-iso2\" \/><\/span>\n<\/p>\n<p>Votre email *<br \/>\n<span class=\"wpcf7-form-control-wrap\" data-name=\"your-email\"><input size=\"40\" maxlength=\"400\" class=\"wpcf7-form-control wpcf7-email wpcf7-validates-as-required wpcf7-text wpcf7-validates-as-email\" aria-required=\"true\" aria-invalid=\"false\" value=\"\" type=\"email\" name=\"your-email\" \/><\/span>\n<\/p>\n<p>Dates de r\u00e9servations * :<br \/>\nDu :<br \/>\n<span class=\"wpcf7-form-control-wrap\" data-name=\"start-date\"><input class=\"wpcf7-form-control wpcf7-date wpcf7-validates-as-required wpcf7-validates-as-date required\" min=\"2026-05-01\" max=\"2027-04-30\" step=\"1\" aria-required=\"true\" aria-invalid=\"false\" value=\"\" type=\"date\" name=\"start-date\" \/><\/span><br \/>\nAu :<br \/>\n<span class=\"wpcf7-form-control-wrap\" data-name=\"stop-date\"><input class=\"wpcf7-form-control wpcf7-date wpcf7-validates-as-required wpcf7-validates-as-date required\" min=\"2026-05-01\" max=\"2027-04-30\" step=\"1\" aria-required=\"true\" aria-invalid=\"false\" value=\"\" type=\"date\" name=\"stop-date\" \/><\/span>\n<\/p>\n<hr width=\"100%\" align=left \/>\n<p>Pour toute r\u00e9servation merci de pr\u00e9ciser le nombre(s) et la cat\u00e9gorie des personnes * :\n<\/p>\n<p>Cat\u00e9gorie : <span class=\"wpcf7-form-control-wrap\" data-name=\"people-1\"><select class=\"wpcf7-form-control wpcf7-select\" aria-invalid=\"false\" name=\"people-1\"><option value=\"Adultes (d\u00e8s 20 ans)\">Adultes (d\u00e8s 20 ans)<\/option><option value=\"Juniors (de 16 \u00e0 19 ans)\">Juniors (de 16 \u00e0 19 ans)<\/option><option value=\"Enfants (de 4 \u00e0 15 ans\">Enfants (de 4 \u00e0 15 ans<\/option><\/select><\/span><br \/>\nNombre(s): <span class=\"wpcf7-form-control-wrap\" data-name=\"text-1\"><input class=\"wpcf7-form-control wpcf7-number wpcf7-validates-as-required wpcf7-validates-as-number required\" min=\"1\" max=\"99\" step=\"1\" aria-required=\"true\" aria-invalid=\"false\" value=\"1\" type=\"number\" name=\"text-1\" \/><\/span><br \/>\nType : <span class=\"wpcf7-form-control-wrap\" data-name=\"checkbox-1\"><span class=\"wpcf7-form-control wpcf7-checkbox wpcf7-exclusive-checkbox\"><span class=\"wpcf7-list-item first\"><input type=\"checkbox\" name=\"checkbox-1\" value=\"membres\" checked=\"checked\" \/><span class=\"wpcf7-list-item-label\">membres<\/span><\/span><span class=\"wpcf7-list-item last\"><input type=\"checkbox\" name=\"checkbox-1\" value=\"non membres\" \/><span class=\"wpcf7-list-item-label\">non membres<\/span><\/span><\/span><\/span><br \/>\n<hr width=\"100%\" align=left \/>\n<\/p>\n<p>Cat\u00e9gorie : <span class=\"wpcf7-form-control-wrap\" data-name=\"people-2\"><select class=\"wpcf7-form-control wpcf7-select\" aria-invalid=\"false\" name=\"people-2\"><option value=\"\">&#8212;Please choose an option&#8212;<\/option><option value=\"Adultes (d\u00e8s 20 ans)\">Adultes (d\u00e8s 20 ans)<\/option><option value=\"Juniors (de 16 \u00e0 19 ans)\">Juniors (de 16 \u00e0 19 ans)<\/option><option value=\"Enfants (de 4 \u00e0 15 ans\">Enfants (de 4 \u00e0 15 ans<\/option><\/select><\/span><br \/>\nNombre(s): <span class=\"wpcf7-form-control-wrap\" data-name=\"text-2\"><input class=\"wpcf7-form-control wpcf7-number wpcf7-validates-as-number\" min=\"0\" max=\"99\" step=\"1\" aria-invalid=\"false\" value=\"\" type=\"number\" name=\"text-2\" \/><\/span><br \/>\nType : <span class=\"wpcf7-form-control-wrap\" data-name=\"checkbox-2\"><span class=\"wpcf7-form-control wpcf7-checkbox wpcf7-exclusive-checkbox\"><span class=\"wpcf7-list-item first\"><input type=\"checkbox\" name=\"checkbox-2\" value=\"membres\" \/><span class=\"wpcf7-list-item-label\">membres<\/span><\/span><span class=\"wpcf7-list-item last\"><input type=\"checkbox\" name=\"checkbox-2\" value=\"non membres\" \/><span class=\"wpcf7-list-item-label\">non membres<\/span><\/span><\/span><\/span><br \/>\n<hr width=\"100%\" align=left \/>\n<\/p>\n<p>Cat\u00e9gorie : <span class=\"wpcf7-form-control-wrap\" data-name=\"people-3\"><select class=\"wpcf7-form-control wpcf7-select\" aria-invalid=\"false\" name=\"people-3\"><option value=\"\">&#8212;Please choose an option&#8212;<\/option><option value=\"Adultes (d\u00e8s 20 ans)\">Adultes (d\u00e8s 20 ans)<\/option><option value=\"Juniors (de 16 \u00e0 19 ans)\">Juniors (de 16 \u00e0 19 ans)<\/option><option value=\"Enfants (de 4 \u00e0 15 ans\">Enfants (de 4 \u00e0 15 ans<\/option><\/select><\/span><br \/>\nNombre(s): <span class=\"wpcf7-form-control-wrap\" data-name=\"text-3\"><input class=\"wpcf7-form-control wpcf7-number wpcf7-validates-as-number\" min=\"0\" max=\"99\" step=\"1\" aria-invalid=\"false\" value=\"\" type=\"number\" name=\"text-3\" \/><\/span><br \/>\nType : <span class=\"wpcf7-form-control-wrap\" data-name=\"checkbox-3\"><span class=\"wpcf7-form-control wpcf7-checkbox wpcf7-exclusive-checkbox\"><span class=\"wpcf7-list-item first\"><input type=\"checkbox\" name=\"checkbox-3\" value=\"membres\" \/><span class=\"wpcf7-list-item-label\">membres<\/span><\/span><span class=\"wpcf7-list-item last\"><input type=\"checkbox\" name=\"checkbox-3\" value=\"non membres\" \/><span class=\"wpcf7-list-item-label\">non membres<\/span><\/span><\/span><\/span><br \/>\n<hr width=\"100%\" align=left \/>\n<\/p>\n<p>Cat\u00e9gorie : <span class=\"wpcf7-form-control-wrap\" data-name=\"people-4\"><select class=\"wpcf7-form-control wpcf7-select\" aria-invalid=\"false\" name=\"people-4\"><option value=\"\">&#8212;Please choose an option&#8212;<\/option><option value=\"Adultes (d\u00e8s 20 ans)\">Adultes (d\u00e8s 20 ans)<\/option><option value=\"Juniors (de 16 \u00e0 19 ans)\">Juniors (de 16 \u00e0 19 ans)<\/option><option value=\"Enfants (de 4 \u00e0 15 ans\">Enfants (de 4 \u00e0 15 ans<\/option><\/select><\/span><br \/>\nNombre(s): <span class=\"wpcf7-form-control-wrap\" data-name=\"text-4\"><input class=\"wpcf7-form-control wpcf7-number wpcf7-validates-as-number\" min=\"0\" max=\"99\" step=\"1\" aria-invalid=\"false\" value=\"\" type=\"number\" name=\"text-4\" \/><\/span><br \/>\nType : <span class=\"wpcf7-form-control-wrap\" data-name=\"checkbox-4\"><span class=\"wpcf7-form-control wpcf7-checkbox wpcf7-exclusive-checkbox\"><span class=\"wpcf7-list-item first\"><input type=\"checkbox\" name=\"checkbox-4\" value=\"membres\" \/><span class=\"wpcf7-list-item-label\">membres<\/span><\/span><span class=\"wpcf7-list-item last\"><input type=\"checkbox\" name=\"checkbox-4\" value=\"non membres\" \/><span class=\"wpcf7-list-item-label\">non membres<\/span><\/span><\/span><\/span><br \/>\n<hr width=\"100%\" align=left \/>\n<\/p>\n<p>Cat\u00e9gorie : <span class=\"wpcf7-form-control-wrap\" data-name=\"people-5\"><select class=\"wpcf7-form-control wpcf7-select\" aria-invalid=\"false\" name=\"people-5\"><option value=\"\">&#8212;Please choose an option&#8212;<\/option><option value=\"Adultes (d\u00e8s 20 ans)\">Adultes (d\u00e8s 20 ans)<\/option><option value=\"Juniors (de 16 \u00e0 19 ans)\">Juniors (de 16 \u00e0 19 ans)<\/option><option value=\"Enfants (de 4 \u00e0 15 ans\">Enfants (de 4 \u00e0 15 ans<\/option><\/select><\/span><br \/>\nNombre(s): <span class=\"wpcf7-form-control-wrap\" data-name=\"text-5\"><input class=\"wpcf7-form-control wpcf7-number wpcf7-validates-as-number\" min=\"0\" max=\"99\" step=\"1\" aria-invalid=\"false\" value=\"\" type=\"number\" name=\"text-5\" \/><\/span><br \/>\nType : <span class=\"wpcf7-form-control-wrap\" data-name=\"checkbox-5\"><span class=\"wpcf7-form-control wpcf7-checkbox wpcf7-exclusive-checkbox\"><span class=\"wpcf7-list-item first\"><input type=\"checkbox\" name=\"checkbox-5\" value=\"membres\" \/><span class=\"wpcf7-list-item-label\">membres<\/span><\/span><span class=\"wpcf7-list-item last\"><input type=\"checkbox\" name=\"checkbox-5\" value=\"non membres\" \/><span class=\"wpcf7-list-item-label\">non membres<\/span><\/span><\/span><\/span><br \/>\n<hr width=\"100%\" align=left \/>\n<\/p>\n<p>Cat\u00e9gorie : <span class=\"wpcf7-form-control-wrap\" data-name=\"people-6\"><select class=\"wpcf7-form-control wpcf7-select\" aria-invalid=\"false\" name=\"people-6\"><option value=\"\">&#8212;Please choose an option&#8212;<\/option><option value=\"Adultes (d\u00e8s 20 ans)\">Adultes (d\u00e8s 20 ans)<\/option><option value=\"Juniors (de 16 \u00e0 19 ans)\">Juniors (de 16 \u00e0 19 ans)<\/option><option value=\"Enfants (de 4 \u00e0 15 ans\">Enfants (de 4 \u00e0 15 ans<\/option><\/select><\/span><br \/>\nNombre(s): <span class=\"wpcf7-form-control-wrap\" data-name=\"text-6\"><input class=\"wpcf7-form-control wpcf7-number wpcf7-validates-as-number\" min=\"0\" max=\"99\" step=\"1\" aria-invalid=\"false\" value=\"\" type=\"number\" name=\"text-6\" \/><\/span><br \/>\nType : <span class=\"wpcf7-form-control-wrap\" data-name=\"checkbox-6\"><span class=\"wpcf7-form-control wpcf7-checkbox wpcf7-exclusive-checkbox\"><span class=\"wpcf7-list-item first\"><input type=\"checkbox\" name=\"checkbox-6\" value=\"membres\" \/><span class=\"wpcf7-list-item-label\">membres<\/span><\/span><span class=\"wpcf7-list-item last\"><input type=\"checkbox\" name=\"checkbox-6\" value=\"non membres\" \/><span class=\"wpcf7-list-item-label\">non membres<\/span><\/span><\/span><\/span><br \/>\n<hr width=\"100%\" align=left \/><br \/>\nAutres : (Groupes, \u00e9coles, autres merci de pr\u00e9ciser dans le champ ci-dessous !).<br \/>\n<span class=\"wpcf7-form-control-wrap\" data-name=\"other-people\"><textarea cols=\"80\" rows=\"6\" maxlength=\"2000\" class=\"wpcf7-form-control wpcf7-textarea\" aria-invalid=\"false\" name=\"other-people\"><\/textarea><\/span>\n<\/p>\n<hr width=\"100%\" align=left \/>\n<p>Communications :<br \/>\n<span class=\"wpcf7-form-control-wrap\" data-name=\"your-message\"><textarea cols=\"80\" rows=\"10\" maxlength=\"2000\" class=\"wpcf7-form-control wpcf7-textarea\" aria-invalid=\"false\" name=\"your-message\"><\/textarea><\/span>\n<\/p>\n<hr width=\"100%\" align=left \/>\n<p><input class=\"wpcf7-form-control wpcf7-submit has-spinner\" type=\"submit\" value=\"Envoyer\" \/>\n<\/p><div class=\"wpcf7-response-output\" aria-hidden=\"true\"><\/div>\n<\/form>\n<\/div>\n\n","protected":false},"excerpt":{"rendered":"<p>Si votre arriv\u00e9e est pr\u00e9vue dans moins d&rsquo;une semaine, merci de prendre contact par t\u00e9l\u00e9phone directement avec notre responsable des r\u00e9servations.<\/p>\n","protected":false},"author":1,"featured_media":769,"parent":0,"menu_order":0,"comment_status":"closed","ping_status":"open","template":"","meta":{"ngg_post_thumbnail":0,"footnotes":""},"class_list":["post-75","page","type-page","status-publish","has-post-thumbnail","hentry"],"_links":{"self":[{"href":"https:\/\/www.laserment.com\/laserment\/wp-json\/wp\/v2\/pages\/75","targetHints":{"allow":["GET"]}}],"collection":[{"href":"https:\/\/www.laserment.com\/laserment\/wp-json\/wp\/v2\/pages"}],"about":[{"href":"https:\/\/www.laserment.com\/laserment\/wp-json\/wp\/v2\/types\/page"}],"author":[{"embeddable":true,"href":"https:\/\/www.laserment.com\/laserment\/wp-json\/wp\/v2\/users\/1"}],"replies":[{"embeddable":true,"href":"https:\/\/www.laserment.com\/laserment\/wp-json\/wp\/v2\/comments?post=75"}],"version-history":[{"count":11,"href":"https:\/\/www.laserment.com\/laserment\/wp-json\/wp\/v2\/pages\/75\/revisions"}],"predecessor-version":[{"id":773,"href":"https:\/\/www.laserment.com\/laserment\/wp-json\/wp\/v2\/pages\/75\/revisions\/773"}],"wp:featuredmedia":[{"embeddable":true,"href":"https:\/\/www.laserment.com\/laserment\/wp-json\/wp\/v2\/media\/769"}],"wp:attachment":[{"href":"https:\/\/www.laserment.com\/laserment\/wp-json\/wp\/v2\/media?parent=75"}],"curies":[{"name":"wp","href":"https:\/\/api.w.org\/{rel}","templated":true}]}}