{"id":14,"date":"2011-11-11T21:27:05","date_gmt":"2011-11-11T20:27:05","guid":{"rendered":"https:\/\/www.laserment.com\/laserment\/?page_id=14"},"modified":"2025-01-17T16:01:55","modified_gmt":"2025-01-17T15:01:55","slug":"reservations","status":"publish","type":"page","link":"https:\/\/www.laserment.com\/laserment\/reservations\/","title":{"rendered":"R\u00e9servations"},"content":{"rendered":"\n<h2 class=\"wp-block-heading\">R\u00e9servations<\/h2>\n\n\n\n<p><strong>Vous souhaitez faire une r\u00e9servation, prenez contact avec notre responsable.<\/strong><\/p>\n\n\n\n<p><strong>Toutefois si votre arriv\u00e9e est pr\u00e9vue dans moins d&rsquo;une semaine, merci de prendre contact directement par t\u00e9l\u00e9phone avec notre responsable des r\u00e9servations.<\/strong><\/p>\n\n\n\n<div style=\"height:20px\" aria-hidden=\"true\" class=\"wp-block-spacer\"><\/div>\n\n\n\n<hr class=\"wp-block-separator has-css-opacity\"\/>\n\n\n\n<div style=\"height:20px\" aria-hidden=\"true\" class=\"wp-block-spacer\"><\/div>\n\n\n\n<p class=\"has-text-align-center\"><span style=\"color: #800000;\"><em><strong>Attention le chalet n&rsquo;est pas accessible avec un v\u00e9hicule en cas de neige !<\/strong><\/em><\/span><\/p>\n\n\n\n<div style=\"height:20px\" aria-hidden=\"true\" class=\"wp-block-spacer\"><\/div>\n\n\n\n<hr class=\"wp-block-separator has-css-opacity\"\/>\n\n\n\n<div style=\"height:20px\" aria-hidden=\"true\" class=\"wp-block-spacer\"><\/div>\n\n\n\n<p>Responsable des r\u00e9servations :<\/p>\n\n\n\n<p>Florence\u00a0Pfenniger<br><\/p>\n\n\n\n<hr class=\"wp-block-separator has-alpha-channel-opacity\"\/>\n\n\n\n<p><span style=\"text-decoration: underline;\">Contact :<\/span><br>T\u00e9l. +41 (0)32&nbsp;535&nbsp;72&nbsp;41<br>Mob. +41 (0)78&nbsp;729&nbsp;18&nbsp;95<\/p>\n\n\n\n<p>de&nbsp;19h30&nbsp;\u00e0&nbsp;20h30<\/p>\n\n\n\n<p>Ou \u00e0 l\u2019aide de notre formulaire : <a title=\"Formulaire de demande de r\u00e9servation\" href=\"https:\/\/www.laserment.com\/laserment\/?page_id=75\"><strong><em>\u00ab\u00a0formulaire de demande de r\u00e9servation\u00a0\u00bb<\/em><\/strong><\/a><\/p>\n\n\n\n<div style=\"height:30px\" aria-hidden=\"true\" class=\"wp-block-spacer\"><\/div>\n\n\n\n<hr class=\"wp-block-separator has-css-opacity\"\/>\n\n\n\n<div style=\"height:20px\" aria-hidden=\"true\" class=\"wp-block-spacer\"><\/div>\n\n\n\n<p><strong><span style=\"text-decoration: underline;\">Tableau d&rsquo;occupation du chalet :<\/span><\/strong><\/p>\n\n\n<div id=\"eo_fullcalendar_1_loading\" class=\"eo-fullcalendar-loading\" ><img decoding=\"async\" src=\"https:\/\/www.laserment.com\/laserment\/wp-content\/plugins\/event-organiser\/css\/images\/loading-image.gif\" class=\"eo-fullcalendar-loading-icon\" alt=\"Chargement&#8230;\" \/> Chargement&#8230;<\/div><div class=\"eo-fullcalendar eo-fullcalendar-shortcode eo-fullcalendar-reset eo-fullcalendar-responsive\" id=\"eo_fullcalendar_1\"><\/div>\n\n\n\n<div style=\"height:20px\" aria-hidden=\"true\" class=\"wp-block-spacer\"><\/div>\n\n\n\n<table class=\"wp-block-table\"><tbody><tr><td width=\"5%\"><img decoding=\"async\" class=\"wp-image-289\" style=\"width: 20px;\" src=\"https:\/\/www.laserment.com\/laserment\/wp-content\/uploads\/2020\/01\/rouge.png\" alt=\"Complet\"><\/td><td width=\"30%\">Chalet enti\u00e8rement occup\u00e9<\/td><td><\/td><td width=\"5%\"><img decoding=\"async\" class=\"wp-image-292\" style=\"width: 20px;\" src=\"https:\/\/www.laserment.com\/laserment\/wp-content\/uploads\/2020\/01\/orange.png\" alt=\"Partiel\"><\/td><td width=\"30%\">Chalet partiellement occup\u00e9<\/td><td><\/td><td width=\"5%\"><img decoding=\"async\" class=\"wp-image-370\" style=\"width: 20px;\" src=\"https:\/\/www.laserment.com\/laserment\/wp-content\/uploads\/2020\/01\/bleu.png\" alt=\"Gardiens\"><\/td><td width=\"25%\">Gardien pr\u00e9sent<\/td><\/tr><\/tbody><\/table>\n","protected":false},"excerpt":{"rendered":"<p>R\u00e9servations Vous souhaitez faire une r\u00e9servation, prenez contact avec notre responsable. Toutefois si votre arriv\u00e9e est pr\u00e9vue dans moins d&rsquo;une semaine, merci de prendre contact directement par t\u00e9l\u00e9phone avec notre responsable des r\u00e9servations. Attention le chalet n&rsquo;est pas accessible avec un v\u00e9hicule en cas de neige ! Responsable des r\u00e9servations : Florence\u00a0Pfenniger Contact :T\u00e9l. +41 [&hellip;]<\/p>\n","protected":false},"author":1,"featured_media":771,"parent":0,"menu_order":0,"comment_status":"closed","ping_status":"closed","template":"","meta":{"ngg_post_thumbnail":0,"footnotes":""},"class_list":["post-14","page","type-page","status-publish","has-post-thumbnail","hentry"],"_links":{"self":[{"href":"https:\/\/www.laserment.com\/laserment\/wp-json\/wp\/v2\/pages\/14","targetHints":{"allow":["GET"]}}],"collection":[{"href":"https:\/\/www.laserment.com\/laserment\/wp-json\/wp\/v2\/pages"}],"about":[{"href":"https:\/\/www.laserment.com\/laserment\/wp-json\/wp\/v2\/types\/page"}],"author":[{"embeddable":true,"href":"https:\/\/www.laserment.com\/laserment\/wp-json\/wp\/v2\/users\/1"}],"replies":[{"embeddable":true,"href":"https:\/\/www.laserment.com\/laserment\/wp-json\/wp\/v2\/comments?post=14"}],"version-history":[{"count":52,"href":"https:\/\/www.laserment.com\/laserment\/wp-json\/wp\/v2\/pages\/14\/revisions"}],"predecessor-version":[{"id":2154,"href":"https:\/\/www.laserment.com\/laserment\/wp-json\/wp\/v2\/pages\/14\/revisions\/2154"}],"wp:featuredmedia":[{"embeddable":true,"href":"https:\/\/www.laserment.com\/laserment\/wp-json\/wp\/v2\/media\/771"}],"wp:attachment":[{"href":"https:\/\/www.laserment.com\/laserment\/wp-json\/wp\/v2\/media?parent=14"}],"curies":[{"name":"wp","href":"https:\/\/api.w.org\/{rel}","templated":true}]}}